{"id":209,"date":"2019-03-15T21:15:18","date_gmt":"2019-03-15T21:15:18","guid":{"rendered":"http:\/\/themes.thememasters.club\/tessera\/?page_id=209"},"modified":"2025-09-29T22:16:15","modified_gmt":"2025-09-29T22:16:15","slug":"tayon-tutorials","status":"publish","type":"page","link":"https:\/\/tutoriais.tayon.ai\/","title":{"rendered":"Tayon Tutoriais"},"content":{"rendered":"\t\t<div data-elementor-type=\"wp-post\" data-elementor-id=\"209\" class=\"elementor elementor-209\">\n\t\t\t\t\t\t\t\t\t<section class=\"elementor-section elementor-top-section elementor-element elementor-element-8cb726a elementor-section-boxed elementor-section-height-default elementor-section-height-default\" data-id=\"8cb726a\" data-element_type=\"section\">\n\t\t\t\t\t\t<div class=\"elementor-container elementor-column-gap-no\">\n\t\t\t\t\t<div class=\"elementor-column elementor-col-33 elementor-top-column elementor-element elementor-element-8bd1e7f\" data-id=\"8bd1e7f\" data-element_type=\"column\">\n\t\t\t<div class=\"elementor-widget-wrap elementor-element-populated\">\n\t\t\t\t\t\t\t\t<div class=\"elementor-element elementor-element-6821550 elementor-view-stacked elementor-widget__width-auto elementor-absolute elementor-shape-circle elementor-widget elementor-widget-icon\" data-id=\"6821550\" data-element_type=\"widget\" data-settings=\"{&quot;_position&quot;:&quot;absolute&quot;}\" data-widget_type=\"icon.default\">\n\t\t\t\t<div class=\"elementor-widget-container\">\n\t\t\t\t\t<div class=\"elementor-icon-wrapper\">\n\t\t\t<a class=\"elementor-icon elementor-animation-pop\" href=\"http:\/\/tessera.egemenerd.com\/knowledgebase-category\/my-account\/\">\n\t\t\t<i aria-hidden=\"true\" class=\"fas fa-unlock-alt\"><\/i>\t\t\t<\/a>\n\t\t<\/div>\n\t\t\t\t<\/div>\n\t\t\t\t<\/div>\n\t\t\t\t<div class=\"elementor-element elementor-element-e8a38d4 elementor-widget elementor-widget-tessera-kbcat\" data-id=\"e8a38d4\" data-element_type=\"widget\" data-widget_type=\"tessera-kbcat.default\">\n\t\t\t\t<div class=\"elementor-widget-container\">\n\t\t\t            \n        <div class=\"tessera-image-list-wrapper tessera-kbcat\">\n                                        <h3>    \n                <a href=\"https:\/\/tutoriais.tayon.ai\/?tesserakbcats=my-account\">\n                    Minha conta                <\/a>\n                <\/h3>\n                        <ol>\n                            <li>\n                    <div class=\"tessera-image-list-li\">\n                    <div class=\"tessera-image-list-li-left\"><span>1.<\/span><\/div>\n                    <div class=\"tessera-image-list-li-right\">\n                        <a href=\"https:\/\/tutoriais.tayon.ai\/?tesserakb=manage-upgrade-your-plan\"><span>Gerenciar\/Atualizar seu plano<\/span><\/a>\n                    <\/div>\n                    <\/div>\n                <\/li>\n                                        <li>\n                    <div class=\"tessera-image-list-li\">\n                    <div class=\"tessera-image-list-li-left\"><span>2.<\/span><\/div>\n                    <div class=\"tessera-image-list-li-right\">\n                        <a href=\"https:\/\/tutoriais.tayon.ai\/?tesserakb=liberar-acesso-para-agencia\"><span>Liberar acesso para ag\u00eancia<\/span><\/a>\n                    <\/div>\n                    <\/div>\n                <\/li>\n                                        <li>\n                    <div class=\"tessera-image-list-li\">\n                    <div class=\"tessera-image-list-li-left\"><span>3.<\/span><\/div>\n                    <div class=\"tessera-image-list-li-right\">\n                        <a href=\"https:\/\/tutoriais.tayon.ai\/?tesserakb=chaves-de-integracao\"><span>Chaves de integra\u00e7\u00e3o<\/span><\/a>\n                    <\/div>\n                    <\/div>\n                <\/li>\n                                        <li>\n                    <div class=\"tessera-image-list-li\">\n                    <div class=\"tessera-image-list-li-left\"><span>4.<\/span><\/div>\n                    <div class=\"tessera-image-list-li-right\">\n                        <a href=\"https:\/\/tutoriais.tayon.ai\/?tesserakb=manage-profile\"><span>Gerencie o perfil da sua conta<\/span><\/a>\n                    <\/div>\n                    <\/div>\n                <\/li>\n                                                <\/ol>\n                            <div class=\"tessera-image-list-button\">\n                    <a class=\"btn btn-sm btn-primary btn-rounded\" href=\"https:\/\/tutoriais.tayon.ai\/?tesserakbcats=my-account\">\n                        Ver tudo <i class=\"fa fa-long-arrow-right\"><\/i>\n                    <\/a>\n                <\/div>\n               \n        <\/div>\n\t\t<\/div>\n\t\t\t\t<\/div>\n\t\t\t\t\t<\/div>\n\t\t<\/div>\n\t\t\t\t<div class=\"elementor-column elementor-col-33 elementor-top-column elementor-element elementor-element-c87f59a\" data-id=\"c87f59a\" data-element_type=\"column\">\n\t\t\t<div class=\"elementor-widget-wrap elementor-element-populated\">\n\t\t\t\t\t\t\t\t<div class=\"elementor-element elementor-element-e4079c8 elementor-view-stacked elementor-widget__width-auto elementor-absolute elementor-shape-circle elementor-widget elementor-widget-icon\" data-id=\"e4079c8\" data-element_type=\"widget\" data-settings=\"{&quot;_position&quot;:&quot;absolute&quot;}\" data-widget_type=\"icon.default\">\n\t\t\t\t<div class=\"elementor-widget-container\">\n\t\t\t\t\t<div class=\"elementor-icon-wrapper\">\n\t\t\t<a class=\"elementor-icon elementor-animation-pop\" href=\"http:\/\/tessera.egemenerd.com\/knowledgebase-category\/getting-started\/\">\n\t\t\t<i aria-hidden=\"true\" class=\"fas fa-rocket\"><\/i>\t\t\t<\/a>\n\t\t<\/div>\n\t\t\t\t<\/div>\n\t\t\t\t<\/div>\n\t\t\t\t<div class=\"elementor-element elementor-element-eeddf06 elementor-widget elementor-widget-tessera-kbcat\" data-id=\"eeddf06\" data-element_type=\"widget\" data-widget_type=\"tessera-kbcat.default\">\n\t\t\t\t<div class=\"elementor-widget-container\">\n\t\t\t            \n        <div class=\"tessera-image-list-wrapper tessera-kbcat\">\n                                        <h3>    \n                <a href=\"https:\/\/tutoriais.tayon.ai\/?tesserakbcats=getting-started\">\n                    Iniciando                <\/a>\n                <\/h3>\n                        <ol>\n                            <li>\n                    <div class=\"tessera-image-list-li\">\n                    <div class=\"tessera-image-list-li-left\"><span>1.<\/span><\/div>\n                    <div class=\"tessera-image-list-li-right\">\n                        <a href=\"https:\/\/tutoriais.tayon.ai\/?tesserakb=como-ativar-o-tayon-bot-no-site-conversacional\"><span>Como ativar o Tayon Bot no Site Conversacional<\/span><\/a>\n                    <\/div>\n                    <\/div>\n                <\/li>\n                                        <li>\n                    <div class=\"tessera-image-list-li\">\n                    <div class=\"tessera-image-list-li-left\"><span>2.<\/span><\/div>\n                    <div class=\"tessera-image-list-li-right\">\n                        <a href=\"https:\/\/tutoriais.tayon.ai\/?tesserakb=e-mail-de-remetente\"><span>E-Mail de Remetente<\/span><\/a>\n                    <\/div>\n                    <\/div>\n                <\/li>\n                                        <li>\n                    <div class=\"tessera-image-list-li\">\n                    <div class=\"tessera-image-list-li-left\"><span>3.<\/span><\/div>\n                    <div class=\"tessera-image-list-li-right\">\n                        <a href=\"https:\/\/tutoriais.tayon.ai\/?tesserakb=envio-de-mensagens-em-massa\"><span>Envio de Mensagens em Massa<\/span><\/a>\n                    <\/div>\n                    <\/div>\n                <\/li>\n                                        <li>\n                    <div class=\"tessera-image-list-li\">\n                    <div class=\"tessera-image-list-li-left\"><span>4.<\/span><\/div>\n                    <div class=\"tessera-image-list-li-right\">\n                        <a href=\"https:\/\/tutoriais.tayon.ai\/?tesserakb=modelos-de-mensagem\"><span>Modelos de Mensagem<\/span><\/a>\n                    <\/div>\n                    <\/div>\n                <\/li>\n                                                <\/ol>\n                            <div class=\"tessera-image-list-button\">\n                    <a class=\"btn btn-sm btn-primary btn-rounded\" href=\"https:\/\/tutoriais.tayon.ai\/?tesserakbcats=getting-started\">\n                        VER TUDO <i class=\"fa fa-long-arrow-right\"><\/i>\n                    <\/a>\n                <\/div>\n               \n        <\/div>\n\t\t<\/div>\n\t\t\t\t<\/div>\n\t\t\t\t\t<\/div>\n\t\t<\/div>\n\t\t\t\t<div class=\"elementor-column elementor-col-33 elementor-top-column elementor-element elementor-element-3b93d2d\" data-id=\"3b93d2d\" data-element_type=\"column\">\n\t\t\t<div class=\"elementor-widget-wrap elementor-element-populated\">\n\t\t\t\t\t\t\t\t<div class=\"elementor-element elementor-element-17d5b47 elementor-view-stacked elementor-widget__width-auto elementor-absolute elementor-shape-circle elementor-widget elementor-widget-icon\" data-id=\"17d5b47\" data-element_type=\"widget\" data-settings=\"{&quot;_position&quot;:&quot;absolute&quot;}\" data-widget_type=\"icon.default\">\n\t\t\t\t<div class=\"elementor-widget-container\">\n\t\t\t\t\t<div class=\"elementor-icon-wrapper\">\n\t\t\t<a class=\"elementor-icon elementor-animation-pop\" href=\"http:\/\/tessera.egemenerd.com\/knowledgebase-category\/mobile-app\/\">\n\t\t\t<i aria-hidden=\"true\" class=\"fas fa-project-diagram\"><\/i>\t\t\t<\/a>\n\t\t<\/div>\n\t\t\t\t<\/div>\n\t\t\t\t<\/div>\n\t\t\t\t<div class=\"elementor-element elementor-element-a5b4e25 elementor-widget elementor-widget-tessera-kbcat\" data-id=\"a5b4e25\" data-element_type=\"widget\" data-widget_type=\"tessera-kbcat.default\">\n\t\t\t\t<div class=\"elementor-widget-container\">\n\t\t\t            \n        <div class=\"tessera-image-list-wrapper tessera-kbcat\">\n                                        <h3>    \n                <a href=\"https:\/\/tutoriais.tayon.ai\/?tesserakbcats=conversational-flows\">\n                    Fluxos conversacionais                <\/a>\n                <\/h3>\n                        <ol>\n                            <li>\n                    <div class=\"tessera-image-list-li\">\n                    <div class=\"tessera-image-list-li-left\"><span>1.<\/span><\/div>\n                    <div class=\"tessera-image-list-li-right\">\n                        <a href=\"https:\/\/tutoriais.tayon.ai\/?tesserakb=action-redirect-to-url\"><span>A\u00e7\u00e3o &#8211; Redirecionar para URL<\/span><\/a>\n                    <\/div>\n                    <\/div>\n                <\/li>\n                                        <li>\n                    <div class=\"tessera-image-list-li\">\n                    <div class=\"tessera-image-list-li-left\"><span>2.<\/span><\/div>\n                    <div class=\"tessera-image-list-li-right\">\n                        <a href=\"https:\/\/tutoriais.tayon.ai\/?tesserakb=inserir-imagens-no-site-conversacional\"><span>Inserir imagens no Site Conversacional<\/span><\/a>\n                    <\/div>\n                    <\/div>\n                <\/li>\n                                        <li>\n                    <div class=\"tessera-image-list-li\">\n                    <div class=\"tessera-image-list-li-left\"><span>3.<\/span><\/div>\n                    <div class=\"tessera-image-list-li-right\">\n                        <a href=\"https:\/\/tutoriais.tayon.ai\/?tesserakb=calendar-integration\"><span>Integra\u00e7\u00e3o de calend\u00e1rio<\/span><\/a>\n                    <\/div>\n                    <\/div>\n                <\/li>\n                                        <li>\n                    <div class=\"tessera-image-list-li\">\n                    <div class=\"tessera-image-list-li-left\"><span>4.<\/span><\/div>\n                    <div class=\"tessera-image-list-li-right\">\n                        <a href=\"https:\/\/tutoriais.tayon.ai\/?tesserakb=rodape-como-inserir-termos-e-alterar-cor\"><span>Rodap\u00e9 &#8211; Como inserir termos e alterar cor<\/span><\/a>\n                    <\/div>\n                    <\/div>\n                <\/li>\n                                                <\/ol>\n                            <div class=\"tessera-image-list-button\">\n                    <a class=\"btn btn-sm btn-primary btn-rounded\" href=\"https:\/\/tutoriais.tayon.ai\/?tesserakbcats=conversational-flows\">\n                        VER TUDO <i class=\"fa fa-long-arrow-right\"><\/i>\n                    <\/a>\n                <\/div>\n               \n        <\/div>\n\t\t<\/div>\n\t\t\t\t<\/div>\n\t\t\t\t\t<\/div>\n\t\t<\/div>\n\t\t\t\t\t\t\t<\/div>\n\t\t<\/section>\n\t\t\t\t<section class=\"elementor-section elementor-top-section elementor-element elementor-element-8a7a362 elementor-section-boxed elementor-section-height-default elementor-section-height-default\" data-id=\"8a7a362\" data-element_type=\"section\">\n\t\t\t\t\t\t<div class=\"elementor-container elementor-column-gap-no\">\n\t\t\t\t\t<div class=\"elementor-column elementor-col-33 elementor-top-column elementor-element elementor-element-bfc6b65\" data-id=\"bfc6b65\" data-element_type=\"column\">\n\t\t\t<div class=\"elementor-widget-wrap elementor-element-populated\">\n\t\t\t\t\t\t\t\t<div class=\"elementor-element elementor-element-cc5bbca elementor-view-stacked elementor-widget__width-auto elementor-absolute elementor-shape-circle elementor-widget elementor-widget-icon\" data-id=\"cc5bbca\" data-element_type=\"widget\" data-settings=\"{&quot;_position&quot;:&quot;absolute&quot;}\" data-widget_type=\"icon.default\">\n\t\t\t\t<div class=\"elementor-widget-container\">\n\t\t\t\t\t<div class=\"elementor-icon-wrapper\">\n\t\t\t<a class=\"elementor-icon elementor-animation-pop\" href=\"http:\/\/tessera.egemenerd.com\/knowledgebase-category\/billing-payments\/\">\n\t\t\t<i aria-hidden=\"true\" class=\"far fa-address-card\"><\/i>\t\t\t<\/a>\n\t\t<\/div>\n\t\t\t\t<\/div>\n\t\t\t\t<\/div>\n\t\t\t\t<div class=\"elementor-element elementor-element-ef5bc8a elementor-widget elementor-widget-tessera-kbcat\" data-id=\"ef5bc8a\" data-element_type=\"widget\" data-widget_type=\"tessera-kbcat.default\">\n\t\t\t\t<div class=\"elementor-widget-container\">\n\t\t\t            \n        <div class=\"tessera-image-list-wrapper tessera-kbcat\">\n                                        <h3>    \n                <a href=\"https:\/\/tutoriais.tayon.ai\/?tesserakbcats=leads-crm\">\n                    Gerenciamento de leads &amp; CRM                <\/a>\n                <\/h3>\n                        <ol>\n                            <li>\n                    <div class=\"tessera-image-list-li\">\n                    <div class=\"tessera-image-list-li-left\"><span>1.<\/span><\/div>\n                    <div class=\"tessera-image-list-li-right\">\n                        <a href=\"https:\/\/tutoriais.tayon.ai\/?tesserakb=gerenciando-e-mail-sms\"><span>Gerenciando  E-mail\/SMS<\/span><\/a>\n                    <\/div>\n                    <\/div>\n                <\/li>\n                                        <li>\n                    <div class=\"tessera-image-list-li\">\n                    <div class=\"tessera-image-list-li-left\"><span>2.<\/span><\/div>\n                    <div class=\"tessera-image-list-li-right\">\n                        <a href=\"https:\/\/tutoriais.tayon.ai\/?tesserakb=lista-de-membros-e-grupos\"><span>Lista de membros e grupos<\/span><\/a>\n                    <\/div>\n                    <\/div>\n                <\/li>\n                                        <li>\n                    <div class=\"tessera-image-list-li\">\n                    <div class=\"tessera-image-list-li-left\"><span>3.<\/span><\/div>\n                    <div class=\"tessera-image-list-li-right\">\n                        <a href=\"https:\/\/tutoriais.tayon.ai\/?tesserakb=a-lista-de-sites-conversacionais\"><span>A Lista de Sites Conversacionais<\/span><\/a>\n                    <\/div>\n                    <\/div>\n                <\/li>\n                                        <li>\n                    <div class=\"tessera-image-list-li\">\n                    <div class=\"tessera-image-list-li-left\"><span>4.<\/span><\/div>\n                    <div class=\"tessera-image-list-li-right\">\n                        <a href=\"https:\/\/tutoriais.tayon.ai\/?tesserakb=paginas-de-conteudo\"><span>P\u00e1ginas de conte\u00fado<\/span><\/a>\n                    <\/div>\n                    <\/div>\n                <\/li>\n                                                <\/ol>\n                            <div class=\"tessera-image-list-button\">\n                    <a class=\"btn btn-sm btn-primary btn-rounded\" href=\"https:\/\/tutoriais.tayon.ai\/?tesserakbcats=leads-crm\">\n                        VIEW ALL <i class=\"fa fa-long-arrow-right\"><\/i>\n                    <\/a>\n                <\/div>\n               \n        <\/div>\n\t\t<\/div>\n\t\t\t\t<\/div>\n\t\t\t\t\t<\/div>\n\t\t<\/div>\n\t\t\t\t<div class=\"elementor-column elementor-col-33 elementor-top-column elementor-element elementor-element-a5e350f\" data-id=\"a5e350f\" data-element_type=\"column\">\n\t\t\t<div class=\"elementor-widget-wrap elementor-element-populated\">\n\t\t\t\t\t\t\t\t<div class=\"elementor-element elementor-element-9e0464f elementor-view-stacked elementor-widget__width-auto elementor-absolute elementor-shape-circle elementor-widget elementor-widget-icon\" data-id=\"9e0464f\" data-element_type=\"widget\" data-settings=\"{&quot;_position&quot;:&quot;absolute&quot;}\" data-widget_type=\"icon.default\">\n\t\t\t\t<div class=\"elementor-widget-container\">\n\t\t\t\t\t<div class=\"elementor-icon-wrapper\">\n\t\t\t<a class=\"elementor-icon elementor-animation-pop\" href=\"http:\/\/tessera.egemenerd.com\/knowledgebase-category\/copyright-legal\/\">\n\t\t\t<i aria-hidden=\"true\" class=\"fas fa-globe\"><\/i>\t\t\t<\/a>\n\t\t<\/div>\n\t\t\t\t<\/div>\n\t\t\t\t<\/div>\n\t\t\t\t<div class=\"elementor-element elementor-element-940e9e2 elementor-widget elementor-widget-tessera-kbcat\" data-id=\"940e9e2\" data-element_type=\"widget\" data-widget_type=\"tessera-kbcat.default\">\n\t\t\t\t<div class=\"elementor-widget-container\">\n\t\t\t            \n        <div class=\"tessera-image-list-wrapper tessera-kbcat\">\n                                        <h3>    \n                <a href=\"https:\/\/tutoriais.tayon.ai\/?tesserakbcats=dominio\">\n                    Dom\u00ednio                <\/a>\n                <\/h3>\n                        <ol>\n                            <li>\n                    <div class=\"tessera-image-list-li\">\n                    <div class=\"tessera-image-list-li-left\"><span>1.<\/span><\/div>\n                    <div class=\"tessera-image-list-li-right\">\n                        <a href=\"https:\/\/tutoriais.tayon.ai\/?tesserakb=como-conectar-dominios-subdominios\"><span>Como conectar um Dom\u00ednio\/Subdom\u00ednio no Site Conversacional<\/span><\/a>\n                    <\/div>\n                    <\/div>\n                <\/li>\n                                        <li>\n                    <div class=\"tessera-image-list-li\">\n                    <div class=\"tessera-image-list-li-left\"><span>2.<\/span><\/div>\n                    <div class=\"tessera-image-list-li-right\">\n                        <a href=\"https:\/\/tutoriais.tayon.ai\/?tesserakb=gerenciando-um-dominio-subdominio-no-tayon\"><span>Gerenciando um dom\u00ednio\/subdom\u00ednio no Tayon<\/span><\/a>\n                    <\/div>\n                    <\/div>\n                <\/li>\n                                                <\/ol>\n               \n        <\/div>\n\t\t<\/div>\n\t\t\t\t<\/div>\n\t\t\t\t\t<\/div>\n\t\t<\/div>\n\t\t\t\t<div class=\"elementor-column elementor-col-33 elementor-top-column elementor-element elementor-element-91e909f\" data-id=\"91e909f\" data-element_type=\"column\">\n\t\t\t<div class=\"elementor-widget-wrap elementor-element-populated\">\n\t\t\t\t\t\t\t\t<div class=\"elementor-element elementor-element-0188505 elementor-view-stacked elementor-widget__width-auto elementor-absolute elementor-shape-circle elementor-widget elementor-widget-icon\" data-id=\"0188505\" data-element_type=\"widget\" data-settings=\"{&quot;_position&quot;:&quot;absolute&quot;}\" data-widget_type=\"icon.default\">\n\t\t\t\t<div class=\"elementor-widget-container\">\n\t\t\t\t\t<div class=\"elementor-icon-wrapper\">\n\t\t\t<a class=\"elementor-icon elementor-animation-pop\" href=\"http:\/\/tessera.egemenerd.com\/knowledgebase-category\/developers\/\">\n\t\t\t<i aria-hidden=\"true\" class=\"fas fa-university\"><\/i>\t\t\t<\/a>\n\t\t<\/div>\n\t\t\t\t<\/div>\n\t\t\t\t<\/div>\n\t\t\t\t<div class=\"elementor-element elementor-element-751ec48 elementor-widget elementor-widget-tessera-kbcat\" data-id=\"751ec48\" data-element_type=\"widget\" data-widget_type=\"tessera-kbcat.default\">\n\t\t\t\t<div class=\"elementor-widget-container\">\n\t\t\t            \n        <div class=\"tessera-image-list-wrapper tessera-kbcat\">\n                                        <h3>    \n                <a href=\"https:\/\/tutoriais.tayon.ai\/?tesserakbcats=university\">\n                    Universidade Tayon                <\/a>\n                <\/h3>\n                        <ol>\n                            <li>\n                    <div class=\"tessera-image-list-li\">\n                    <div class=\"tessera-image-list-li-left\"><span>1.<\/span><\/div>\n                    <div class=\"tessera-image-list-li-right\">\n                        <a href=\"https:\/\/tutoriais.tayon.ai\/?tesserakb=como-colocar-um-elemento-iframe-no-tayon\"><span>Como colocar um elemento iFrame no Tayon<\/span><\/a>\n                    <\/div>\n                    <\/div>\n                <\/li>\n                                        <li>\n                    <div class=\"tessera-image-list-li\">\n                    <div class=\"tessera-image-list-li-left\"><span>2.<\/span><\/div>\n                    <div class=\"tessera-image-list-li-right\">\n                        <a href=\"https:\/\/tutoriais.tayon.ai\/?tesserakb=tayon-apps-exemplos-reais\"><span>Tayon Apps &#8211; Exemplos reais<\/span><\/a>\n                    <\/div>\n                    <\/div>\n                <\/li>\n                                        <li>\n                    <div class=\"tessera-image-list-li\">\n                    <div class=\"tessera-image-list-li-left\"><span>3.<\/span><\/div>\n                    <div class=\"tessera-image-list-li-right\">\n                        <a href=\"https:\/\/tutoriais.tayon.ai\/?tesserakb=integration\"><span>Integra\u00e7\u00e3o com aplicativos externos<\/span><\/a>\n                    <\/div>\n                    <\/div>\n                <\/li>\n                                        <li>\n                    <div class=\"tessera-image-list-li\">\n                    <div class=\"tessera-image-list-li-left\"><span>4.<\/span><\/div>\n                    <div class=\"tessera-image-list-li-right\">\n                        <a href=\"https:\/\/tutoriais.tayon.ai\/?tesserakb=creating-ai-rules\"><span>Criando regras no Tayon<\/span><\/a>\n                    <\/div>\n                    <\/div>\n                <\/li>\n                                                <\/ol>\n                            <div class=\"tessera-image-list-button\">\n                    <a class=\"btn btn-sm btn-primary btn-rounded\" href=\"https:\/\/tutoriais.tayon.ai\/?tesserakbcats=university\">\n                        VIEW ALL <i class=\"fa fa-long-arrow-right\"><\/i>\n                    <\/a>\n                <\/div>\n               \n        <\/div>\n\t\t<\/div>\n\t\t\t\t<\/div>\n\t\t\t\t\t<\/div>\n\t\t<\/div>\n\t\t\t\t\t\t\t<\/div>\n\t\t<\/section>\n\t\t\t\t\t\t\t<\/div>\n\t\t","protected":false},"excerpt":{"rendered":"<p>Minha conta 1. Liberar acesso para ag\u00eancia 2. Chaves de integra\u00e7\u00e3o 3. Formul\u00e1rio W-8BEN &#8211; Pessoa F\u00edsica 4. Formul\u00e1rio W-8BEN-E &#8211; Pessoa Jur\u00eddica Ver tudo Iniciando 1. Como obter ajuda 2. Configurando Bots e Avatares 3. Conectar uma conta do Gmail 4. Como ativar o Tayon Bot no Site Conversacional VER TUDO Fluxos conversacionais 1&#8230;.<\/p>\n","protected":false},"author":1,"featured_media":0,"parent":0,"menu_order":0,"comment_status":"closed","ping_status":"closed","template":"homepage.php","meta":{"_bbp_topic_count":0,"_bbp_reply_count":0,"_bbp_total_topic_count":0,"_bbp_total_reply_count":0,"_bbp_voice_count":0,"_bbp_anonymous_reply_count":0,"_bbp_topic_count_hidden":0,"_bbp_reply_count_hidden":0,"_bbp_forum_subforum_count":0,"tessera_post_format_link":"","footnotes":""},"class_list":["post-209","page","type-page","status-publish","hentry"],"_links":{"self":[{"href":"https:\/\/tutoriais.tayon.ai\/index.php?rest_route=\/wp\/v2\/pages\/209","targetHints":{"allow":["GET"]}}],"collection":[{"href":"https:\/\/tutoriais.tayon.ai\/index.php?rest_route=\/wp\/v2\/pages"}],"about":[{"href":"https:\/\/tutoriais.tayon.ai\/index.php?rest_route=\/wp\/v2\/types\/page"}],"author":[{"embeddable":true,"href":"https:\/\/tutoriais.tayon.ai\/index.php?rest_route=\/wp\/v2\/users\/1"}],"replies":[{"embeddable":true,"href":"https:\/\/tutoriais.tayon.ai\/index.php?rest_route=%2Fwp%2Fv2%2Fcomments&post=209"}],"version-history":[{"count":59,"href":"https:\/\/tutoriais.tayon.ai\/index.php?rest_route=\/wp\/v2\/pages\/209\/revisions"}],"predecessor-version":[{"id":972,"href":"https:\/\/tutoriais.tayon.ai\/index.php?rest_route=\/wp\/v2\/pages\/209\/revisions\/972"}],"wp:attachment":[{"href":"https:\/\/tutoriais.tayon.ai\/index.php?rest_route=%2Fwp%2Fv2%2Fmedia&parent=209"}],"curies":[{"name":"wp","href":"https:\/\/api.w.org\/{rel}","templated":true}]}}